{"id":2,"date":"2021-10-21T23:06:17","date_gmt":"2021-10-22T02:06:17","guid":{"rendered":"http:\/\/curvello.com\/?page_id=2"},"modified":"2023-07-06T17:54:12","modified_gmt":"2023-07-06T20:54:12","slug":"pagina-exemplo","status":"publish","type":"page","link":"https:\/\/curvello.com\/index.php\/pagina-exemplo\/","title":{"rendered":"Sobre"},"content":{"rendered":"\n<p>Meu nome \u00e9 Rodrigo Curv\u00eallo, nasci em S\u00e3o Francisco do Sul\/SC no dia 24 de abril de 1978. Sou casado com a Nara Curv\u00eallo e pai do Gustavo Curv\u00eallo. <\/p>\n\n\n\n<p><\/p>\n\n\n\n<p>Sou professor de <a href=\"https:\/\/www.ifc-riodosul.edu.br\" title=\"Inform\u00e1tica no Instituto Federal Catarinense - Campus Rio do Sul\">Inform\u00e1tica no Instituto Federal Catarinense &#8211; Campus Rio do Sul<\/a>. Gosto muito de tecnologia, programa\u00e7\u00e3o, Linux, m\u00fasica, &#8230;<\/p>\n","protected":false},"excerpt":{"rendered":"<p>Meu nome \u00e9 Rodrigo Curv\u00eallo, nasci em S\u00e3o Francisco do Sul\/SC no dia 24 de abril de 1978. Sou casado com a Nara Curv\u00eallo e pai do Gustavo Curv\u00eallo. Sou professor de Inform\u00e1tica no Instituto Federal Catarinense &#8211; Campus Rio do Sul. Gosto muito de tecnologia, programa\u00e7\u00e3o, Linux, m\u00fasica, &#8230;<\/p>\n","protected":false},"author":1,"featured_media":0,"parent":0,"menu_order":0,"comment_status":"closed","ping_status":"open","template":"","meta":{"om_disable_all_campaigns":false,"_monsterinsights_skip_tracking":false,"_monsterinsights_sitenote_active":false,"_monsterinsights_sitenote_note":"","_monsterinsights_sitenote_category":0,"footnotes":""},"class_list":["post-2","page","type-page","status-publish","hentry"],"aioseo_notices":[],"_links":{"self":[{"href":"https:\/\/curvello.com\/index.php\/wp-json\/wp\/v2\/pages\/2","targetHints":{"allow":["GET"]}}],"collection":[{"href":"https:\/\/curvello.com\/index.php\/wp-json\/wp\/v2\/pages"}],"about":[{"href":"https:\/\/curvello.com\/index.php\/wp-json\/wp\/v2\/types\/page"}],"author":[{"embeddable":true,"href":"https:\/\/curvello.com\/index.php\/wp-json\/wp\/v2\/users\/1"}],"replies":[{"embeddable":true,"href":"https:\/\/curvello.com\/index.php\/wp-json\/wp\/v2\/comments?post=2"}],"version-history":[{"count":7,"href":"https:\/\/curvello.com\/index.php\/wp-json\/wp\/v2\/pages\/2\/revisions"}],"predecessor-version":[{"id":68,"href":"https:\/\/curvello.com\/index.php\/wp-json\/wp\/v2\/pages\/2\/revisions\/68"}],"wp:attachment":[{"href":"https:\/\/curvello.com\/index.php\/wp-json\/wp\/v2\/media?parent=2"}],"curies":[{"name":"wp","href":"https:\/\/api.w.org\/{rel}","templated":true}]}}