{"id":72,"date":"2024-06-20T15:29:27","date_gmt":"2024-06-20T18:29:27","guid":{"rendered":"https:\/\/curvello.com\/?page_id=72"},"modified":"2024-09-01T19:54:10","modified_gmt":"2024-09-01T22:54:10","slug":"coral","status":"publish","type":"page","link":"https:\/\/curvello.com\/index.php\/coral\/","title":{"rendered":"Coral"},"content":{"rendered":"\n<h1 class=\"wp-block-heading\">Ao \u00f9nico<\/h1>\n\n\n\n<p>Ao \u00fanico que \u00e9 digno de receber<br>A honra e a gl\u00f3ria, a for\u00e7a e o poder<br>Ao rei eterno, imortal, invis\u00edvel, mas real<br>A ele, ministramos o louvor<\/p>\n\n\n\n<p>Ao \u00fanico que \u00e9 digno de receber<br>A honra e a gl\u00f3ria, a for\u00e7a e o poder<br>Ao rei eterno, imortal, invis\u00edvel, mas real<br>A ele, ministramos o louvor<\/p>\n\n\n\n<p>Coroamos a ti, oh, rei Jesus<br>Coroamos a ti, oh, rei Jesus<br>Adoramos o teu nome<br>Nos rendemos aos teus p\u00e9s<br>Consagramos todo nosso ser a ti<\/p>\n\n\n\n<p>Ao rei eterno, imortal, invis\u00edvel mas real<br>A ele, ministramos o louvor<\/p>\n\n\n\n<p>Coroamos a ti, oh, rei Jesus<br>Coroamos a ti, oh, rei Jesus<br>Adoramos o teu nome<br>Nos rendemos aos teus p\u00e9s<br>Consagramos todo nosso ser a ti<\/p>\n\n\n\n<p>Coroamos a ti, oh, rei Jesus<br>Coroamos a ti, oh, rei Jesus<br>Adoramos o teu nome<br>Nos rendemos aos teus p\u00e9s<br>Consagramos todo nosso ser a ti<\/p>\n\n\n\n<p>Consagramos todo nosso ser a ti<\/p>\n\n\n\n<div data-wp-interactive=\"core\/file\" class=\"wp-block-file\"><object data-wp-bind--hidden=\"!state.hasPdfPreview\" hidden class=\"wp-block-file__embed\" data=\"https:\/\/curvello.com\/wp-content\/uploads\/2024\/09\/AoUnico.pdf\" type=\"application\/pdf\" style=\"width:100%;height:600px\" aria-label=\"Embed of AoUnico.\"><\/object><a id=\"wp-block-file--media-17874ea6-7e5c-4a0c-90ea-7e861b88f39b\" href=\"https:\/\/curvello.com\/wp-content\/uploads\/2024\/09\/AoUnico.pdf\">AoUnico<\/a><a href=\"https:\/\/curvello.com\/wp-content\/uploads\/2024\/09\/AoUnico.pdf\" class=\"wp-block-file__button wp-element-button\" download aria-describedby=\"wp-block-file--media-17874ea6-7e5c-4a0c-90ea-7e861b88f39b\">Download<\/a><\/div>\n\n\n\n<div class=\"wp-block-file\"><a id=\"wp-block-file--media-5fdb787b-7acd-4506-a833-033dff56400a\" href=\"https:\/\/curvello.com\/wp-content\/uploads\/2024\/09\/AoUnicoTenor.mp3\">AoUnicoTenor<\/a><a href=\"https:\/\/curvello.com\/wp-content\/uploads\/2024\/09\/AoUnicoTenor.mp3\" class=\"wp-block-file__button wp-element-button\" download aria-describedby=\"wp-block-file--media-5fdb787b-7acd-4506-a833-033dff56400a\">Download<\/a><\/div>\n\n\n\n<div class=\"wp-block-file\"><a id=\"wp-block-file--media-0952d5d3-f4e6-4d6a-bf24-b4429cd25b8a\" href=\"https:\/\/curvello.com\/wp-content\/uploads\/2024\/09\/AoUnicoContralto.mp3\">AoUnicoContralto<\/a><a href=\"https:\/\/curvello.com\/wp-content\/uploads\/2024\/09\/AoUnicoContralto.mp3\" class=\"wp-block-file__button wp-element-button\" download aria-describedby=\"wp-block-file--media-0952d5d3-f4e6-4d6a-bf24-b4429cd25b8a\">Download<\/a><\/div>\n\n\n\n<div class=\"wp-block-file\"><a id=\"wp-block-file--media-f4ab6010-6931-4688-9cfe-ea9265dd5a42\" href=\"https:\/\/curvello.com\/wp-content\/uploads\/2024\/09\/AoUnicoSoprano.mp3\">AoUnicoSoprano<\/a><a href=\"https:\/\/curvello.com\/wp-content\/uploads\/2024\/09\/AoUnicoSoprano.mp3\" class=\"wp-block-file__button wp-element-button\" download aria-describedby=\"wp-block-file--media-f4ab6010-6931-4688-9cfe-ea9265dd5a42\">Download<\/a><\/div>\n\n\n\n<p><\/p>\n\n\n\n<h1 class=\"wp-block-heading\">Grande Deus<\/h1>\n\n\n\n<p>Em Tua presen\u00e7a quero estar<br>Completo quero me entregar<br>Dar gra\u00e7as e cantar<br>Dar gra\u00e7as e cantar<br>Em Tua presen\u00e7a quero estar<br>Completo quero me entregar<br>Dar gra\u00e7as e cantar<br>Dar gra\u00e7as e cantar<\/p>\n\n\n\n<p>Pois Tu, senhor \u00e9s nosso criador<br>Nas Tuas m\u00e3os est\u00e3o a terra e o mar<br>O universo se ajoelha e louva<br>Teu nome exaltado \u00e9<br>O esplendor da Tua santidade<br>\u00c9 onde eu preciso Te adorar<br>Oh! Rei dos reis<br>Grande Deus<\/p>\n\n\n\n<p>Jesus eu quero Te aclamar<br>Com alegria Te louvar<br>Enquanto eu viver<br>Enquanto eu viver<br>Jesus eu quero Te aclamar<br>Com alegria Te louvar<br>Enquanto eu viver<br>Enquanto eu viver<\/p>\n\n\n\n<p>Pois Tu, Senhor \u00e9s nosso criador<br>Nas Tuas m\u00e3os est\u00e3o a terra e o mar<br>O universo se ajoelha e louva<br>Teu nome exaltado \u00e9<br>O esplendor da Tua santidade<br>\u00c9 onde eu preciso Te adorar<br>Oh! Rei dos reis<br>Grande Deus<\/p>\n\n\n\n<p>Pois Tu, Senhor \u00e9s nosso criador<br>Nas Tuas m\u00e3os est\u00e3o a terra e o mar<br>O universo se ajoelha e louva<br>Teu nome exaltado \u00e9<br>O esplendor da Tua santidade<br>\u00c9 onde eu preciso Te adorar<br>Oh! Rei dos reis<br>Grande Deus<\/p>\n\n\n\n<div class=\"wp-block-file\"><a id=\"wp-block-file--media-48f944ba-9d4a-4736-a42f-1bb0b1f2637f\" href=\"https:\/\/curvello.com\/wp-content\/uploads\/2024\/07\/GrandeDeus-contralto-3.mp4\">GrandeDeus-contralto<\/a><a href=\"https:\/\/curvello.com\/wp-content\/uploads\/2024\/07\/GrandeDeus-contralto-3.mp4\" class=\"wp-block-file__button wp-element-button\" download aria-describedby=\"wp-block-file--media-48f944ba-9d4a-4736-a42f-1bb0b1f2637f\">Download<\/a><\/div>\n\n\n\n<div class=\"wp-block-file\"><a id=\"wp-block-file--media-e3768989-2b20-47e1-accd-e5f58662b03c\" href=\"https:\/\/curvello.com\/wp-content\/uploads\/2024\/07\/GrandeDeus-contralto-cantado-1.mp4\">GrandeDeus-contralto-cantado<\/a><a href=\"https:\/\/curvello.com\/wp-content\/uploads\/2024\/07\/GrandeDeus-contralto-cantado-1.mp4\" class=\"wp-block-file__button wp-element-button\" download aria-describedby=\"wp-block-file--media-e3768989-2b20-47e1-accd-e5f58662b03c\">Download<\/a><\/div>\n\n\n\n<div class=\"wp-block-file\"><a id=\"wp-block-file--media-cffd3ea2-8665-4b0c-83a1-b8cbd8ead9bf\" href=\"https:\/\/curvello.com\/wp-content\/uploads\/2024\/07\/GrandeDeus-soprano-1.mp4\">GrandeDeus-soprano<\/a><a href=\"https:\/\/curvello.com\/wp-content\/uploads\/2024\/07\/GrandeDeus-soprano-1.mp4\" class=\"wp-block-file__button wp-element-button\" download aria-describedby=\"wp-block-file--media-cffd3ea2-8665-4b0c-83a1-b8cbd8ead9bf\">Download<\/a><\/div>\n\n\n\n<div class=\"wp-block-file\"><a id=\"wp-block-file--media-6e666363-53dd-4609-8643-1131618ad713\" href=\"https:\/\/curvello.com\/wp-content\/uploads\/2024\/07\/GrandeDeus-homens-1.mp4\">GrandeDeus-homens<\/a><a href=\"https:\/\/curvello.com\/wp-content\/uploads\/2024\/07\/GrandeDeus-homens-1.mp4\" class=\"wp-block-file__button wp-element-button\" download aria-describedby=\"wp-block-file--media-6e666363-53dd-4609-8643-1131618ad713\">Download<\/a><\/div>\n\n\n\n<p><\/p>\n\n\n\n<h1 class=\"wp-block-heading\">Brilha, Jesus<\/h1>\n\n\n\n<p>Pai o Teu grande amor me inspira<br>Pai o Teu resplendor me animar<br>Tua luz ilumina os caminhos meus<br>Como um sol<br>O amor desses olhos Teus<br>Brilha em mim, brilha em mim<\/p>\n\n\n\n<p><strong>Brilha Jesus, vem trazer a luz<br>Que vem da gl\u00f3ria<br>O Teu calor, traz a paz e amor<br>Vem como sol<br>\u00c0s na\u00e7\u00f5es trazer miseric\u00f3rdia<br>Brilha Jesus, vem trazer Tua luz<\/strong><\/p>\n\n\n\n<p>Pai, a Tua real grandeza<br>Traz \u00e0 vida real beleza<br>Teu amor transformou<br>Nossa hist\u00f3ria<br>Hoje a luz que nos vem l\u00e1 da gl\u00f3ria<br>Brilha em mim, brilha em mim<\/p>\n\n\n\n<div class=\"wp-block-file\"><a id=\"wp-block-file--media-7cf10820-f9e3-48e4-98ca-4ad3acfd3751\" href=\"https:\/\/curvello.com\/wp-content\/uploads\/2024\/06\/BrilhaJesus-Homens.mp4\">BrilhaJesus &#8211; Homens<\/a><a href=\"https:\/\/curvello.com\/wp-content\/uploads\/2024\/06\/BrilhaJesus-Homens.mp4\" class=\"wp-block-file__button wp-element-button\" download aria-describedby=\"wp-block-file--media-7cf10820-f9e3-48e4-98ca-4ad3acfd3751\">Download<\/a><\/div>\n\n\n\n<div class=\"wp-block-file\"><a id=\"wp-block-file--media-7d835f49-a984-48dd-ba02-65bf044aad40\" href=\"https:\/\/curvello.com\/wp-content\/uploads\/2024\/06\/BrilhaJesus-Mulheres.mp4\">BrilhaJesus &#8211; Mulheres<\/a><a href=\"https:\/\/curvello.com\/wp-content\/uploads\/2024\/06\/BrilhaJesus-Mulheres.mp4\" class=\"wp-block-file__button wp-element-button\" download aria-describedby=\"wp-block-file--media-7d835f49-a984-48dd-ba02-65bf044aad40\">Download<\/a><\/div>\n\n\n\n<p><\/p>\n\n\n\n<h1 class=\"wp-block-heading\">Permane\u00e7a em mim<\/h1>\n\n\n\n<p><\/p>\n\n\n\n<p><em>Vem, \u00f3 Senhor, em mim habitar<br>Pois quero ser templo Teu<br>Quando eu sair deste lugar<br>Que Jesus permane\u00e7a em mim<\/em><\/p>\n\n\n\n<p><em>Permane\u00e7a em mim<br>Permane\u00e7a em mim<br>Permane\u00e7a em mim<br>Meu Senhor<br>Permane\u00e7a em mim<\/em><\/p>\n\n\n\n<div data-wp-interactive=\"core\/file\" class=\"wp-block-file\"><object data-wp-bind--hidden=\"!state.hasPdfPreview\" hidden class=\"wp-block-file__embed\" data=\"https:\/\/curvello.com\/wp-content\/uploads\/2024\/06\/PermanecaEmMimFinal.pdf\" type=\"application\/pdf\" style=\"width:100%;height:600px\" aria-label=\"Embed of Partitura PDF.\"><\/object><a id=\"wp-block-file--media-a86bf2c5-edc9-4231-b11d-f27afab36b41\" href=\"https:\/\/curvello.com\/wp-content\/uploads\/2024\/06\/PermanecaEmMimFinal.pdf\">Partitura PDF<\/a><a href=\"https:\/\/curvello.com\/wp-content\/uploads\/2024\/06\/PermanecaEmMimFinal.pdf\" class=\"wp-block-file__button wp-element-button\" download aria-describedby=\"wp-block-file--media-a86bf2c5-edc9-4231-b11d-f27afab36b41\">Download<\/a><\/div>\n\n\n\n<div class=\"wp-block-file\"><a id=\"wp-block-file--media-dc3d7600-806f-4c32-b066-daf7e15b2d53\" href=\"https:\/\/curvello.com\/wp-content\/uploads\/2024\/06\/Contralto.mp3\">Contralto mp3<\/a><a href=\"https:\/\/curvello.com\/wp-content\/uploads\/2024\/06\/Contralto.mp3\" class=\"wp-block-file__button wp-element-button\" download aria-describedby=\"wp-block-file--media-dc3d7600-806f-4c32-b066-daf7e15b2d53\">Download<\/a><\/div>\n\n\n\n<div class=\"wp-block-file\"><a id=\"wp-block-file--media-90215e2b-6010-407c-9e05-da3d249393c1\" href=\"https:\/\/curvello.com\/wp-content\/uploads\/2024\/06\/Tenor.mp3\">Tenor mp3<\/a><a href=\"https:\/\/curvello.com\/wp-content\/uploads\/2024\/06\/Tenor.mp3\" class=\"wp-block-file__button wp-element-button\" download aria-describedby=\"wp-block-file--media-90215e2b-6010-407c-9e05-da3d249393c1\">Download<\/a><\/div>\n\n\n\n<div class=\"wp-block-file\"><a id=\"wp-block-file--media-806f9723-3cea-4902-9b0c-31717de19850\" href=\"https:\/\/curvello.com\/wp-content\/uploads\/2024\/06\/Geral.mp3\">Geral mp3<\/a><a href=\"https:\/\/curvello.com\/wp-content\/uploads\/2024\/06\/Geral.mp3\" class=\"wp-block-file__button wp-element-button\" download aria-describedby=\"wp-block-file--media-806f9723-3cea-4902-9b0c-31717de19850\">Download<\/a><\/div>\n\n\n\n<div class=\"wp-block-file\"><a id=\"wp-block-file--media-21cab3b7-ccd3-4bcc-9840-1d5fef3c3454\" href=\"https:\/\/curvello.com\/wp-content\/uploads\/2024\/07\/GrandeDeus-soprano.mp4\">GrandeDeus-soprano<\/a><a href=\"https:\/\/curvello.com\/wp-content\/uploads\/2024\/07\/GrandeDeus-soprano.mp4\" class=\"wp-block-file__button wp-element-button\" download aria-describedby=\"wp-block-file--media-21cab3b7-ccd3-4bcc-9840-1d5fef3c3454\">Download<\/a><\/div>\n","protected":false},"excerpt":{"rendered":"<p>Ao \u00f9nico Ao \u00fanico que \u00e9 digno de receberA honra e a gl\u00f3ria, a for\u00e7a e o poderAo rei eterno, imortal, invis\u00edvel, mas realA ele, ministramos o louvor Ao \u00fanico que \u00e9 digno de receberA honra e a gl\u00f3ria, a for\u00e7a e o poderAo rei eterno, imortal, invis\u00edvel, mas realA ele, ministramos o louvor Coroamos [&hellip;]<\/p>\n","protected":false},"author":1,"featured_media":0,"parent":0,"menu_order":0,"comment_status":"closed","ping_status":"closed","template":"","meta":{"om_disable_all_campaigns":false,"_monsterinsights_skip_tracking":false,"_monsterinsights_sitenote_active":false,"_monsterinsights_sitenote_note":"","_monsterinsights_sitenote_category":0,"footnotes":""},"class_list":["post-72","page","type-page","status-publish","hentry"],"aioseo_notices":[],"_links":{"self":[{"href":"https:\/\/curvello.com\/index.php\/wp-json\/wp\/v2\/pages\/72","targetHints":{"allow":["GET"]}}],"collection":[{"href":"https:\/\/curvello.com\/index.php\/wp-json\/wp\/v2\/pages"}],"about":[{"href":"https:\/\/curvello.com\/index.php\/wp-json\/wp\/v2\/types\/page"}],"author":[{"embeddable":true,"href":"https:\/\/curvello.com\/index.php\/wp-json\/wp\/v2\/users\/1"}],"replies":[{"embeddable":true,"href":"https:\/\/curvello.com\/index.php\/wp-json\/wp\/v2\/comments?post=72"}],"version-history":[{"count":15,"href":"https:\/\/curvello.com\/index.php\/wp-json\/wp\/v2\/pages\/72\/revisions"}],"predecessor-version":[{"id":131,"href":"https:\/\/curvello.com\/index.php\/wp-json\/wp\/v2\/pages\/72\/revisions\/131"}],"wp:attachment":[{"href":"https:\/\/curvello.com\/index.php\/wp-json\/wp\/v2\/media?parent=72"}],"curies":[{"name":"wp","href":"https:\/\/api.w.org\/{rel}","templated":true}]}}